{"id":3,"date":"2024-08-20T20:40:54","date_gmt":"2024-08-20T20:40:54","guid":{"rendered":"https:\/\/gorbtek.pt\/?page_id=3"},"modified":"2025-07-02T06:59:36","modified_gmt":"2025-07-02T06:59:36","slug":"pps","status":"publish","type":"page","link":"https:\/\/gorbtek.pt\/?page_id=3","title":{"rendered":"Pol\u00edtica de Privacidade e Seguran\u00e7a"},"content":{"rendered":"\t\t<div data-elementor-type=\"wp-page\" data-elementor-id=\"3\" class=\"elementor elementor-3\">\n\t\t\t\t<div class=\"elementor-element elementor-element-59b785b0 e-flex e-con-boxed e-con e-parent\" data-id=\"59b785b0\" data-element_type=\"container\">\n\t\t\t\t\t<div class=\"e-con-inner\">\n\t\t\t\t<div class=\"elementor-element elementor-element-34973ee9 elementor-widget elementor-widget-text-editor\" data-id=\"34973ee9\" data-element_type=\"widget\" data-widget_type=\"text-editor.default\">\n\t\t\t\t<div class=\"elementor-widget-container\">\n\t\t\t\t\t\t\t\t\t<p class=\"MsoNormal\">A GORBTEK Inform\u00e1tica, Lda, adiante designado como GORBTEK, est\u00e1 ciente das implica\u00e7\u00f5es e da sua responsabilidade em cumprir com as altera\u00e7\u00f5es introduzidas em mat\u00e9ria de prote\u00e7\u00e3o de dados pessoais, nomeadamente com a produ\u00e7\u00e3o de efeitos a 25 de maio de 2018 do Regulamento Geral de Prote\u00e7\u00e3o de Dados, aprovado pelo Regulamento (EU) 2016\/679, de 26 de Abril de 2016.<\/p>\n<p class=\"MsoNormal\">A GORBTEK assume, assim, o compromisso de garantir a prote\u00e7\u00e3o de todos os dados pessoais que lhe sejam disponibilizados, tendo neste sentido adotado diversas medidas de seguran\u00e7a, de car\u00e1cter t\u00e9cnico e organizativo, de forma a proteger os dados pessoais contra qualquer forma de tratamento il\u00edcito.<\/p>\n<p class=\"MsoNormal\">A GORBTEK assume igualmente o compromisso de melhorar continuamente o conjunto de procedimentos e t\u00e9cnicas implementados para a prote\u00e7\u00e3o de dados pessoais, contando igualmente para esse fim com todas as sugest\u00f5es que os utilizadores deste site nos fa\u00e7am chegar.<\/p>\n<p class=\"MsoNormal\">Estes Termos e Condi\u00e7\u00f5es de Privacidade aplicam-se exclusivamente ao tratamento de dados pessoais pela GORBTEK recolhidos atrav\u00e9s do seu site ou a\u00e7\u00f5es comerciais e promocionais.<\/p>\n<ol style=\"margin-top: 0cm;\" start=\"1\" type=\"1\">\n<li class=\"MsoNormal\">Finalidade do tratamento<\/li>\n<\/ol>\n<p class=\"MsoNormal\">Os dados pessoais s\u00e3o recolhidos exclusivamente com as finalidades que se seguem:<\/p>\n<p class=\"MsoNormal\">Resposta ao pedido de contacto;<\/p>\n<p class=\"MsoNormal\">Gest\u00e3o comercial;<\/p>\n<p class=\"MsoNormal\">Melhoria ou personaliza\u00e7\u00e3o dos nossos servi\u00e7os;<\/p>\n<ol style=\"margin-top: 0cm;\" start=\"2\" type=\"1\">\n<li class=\"MsoNormal\">Dados pessoais recolhidos<\/li>\n<\/ol>\n<p class=\"MsoNormal\">Os dados recolhidos limitam-se ao nome e endere\u00e7o de e-mail, sendo utilizados para as finalidades previstas nesta pol\u00edtica, podendo ser obtidos atrav\u00e9s de:<\/p>\n<p class=\"MsoNormal\">Formul\u00e1rio de contactos do site;<\/p>\n<p class=\"MsoNormal\">Recolha presencial.<\/p>\n<ol style=\"margin-top: 0cm;\" start=\"3\" type=\"1\">\n<li class=\"MsoNormal\">Consentimento<\/li>\n<\/ol>\n<p class=\"MsoNormal\">Antes de ser enviada a primeira mensagem promocional ou newsletter ser\u00e1 solicitado o consentimento expresso do titular dos dados para o envio deste tipo de mensagens.<\/p>\n<p class=\"MsoNormal\">Esse consentimento ser\u00e1 solicitado via e-mail e o titular dos dados apenas passa a receber mensagens se responder positivamente. Caso a resposta seja negativa os seus dados ser\u00e3o apagados.<\/p>\n<ol style=\"margin-top: 0cm;\" start=\"4\" type=\"1\">\n<li class=\"MsoNormal\">Per\u00edodo de Conserva\u00e7\u00e3o<\/li>\n<\/ol>\n<p class=\"MsoNormal\">Os dados pessoais recolhidos ser\u00e3o mantidos enquanto houver consentimento do titular para as finalidades previstas em 1.<\/p>\n<ol style=\"margin-top: 0cm;\" start=\"5\" type=\"1\">\n<li class=\"MsoNormal\">Partilha de dados pessoais<\/li>\n<\/ol>\n<p class=\"MsoNormal\">Os dados pessoais recolhidos poder\u00e3o ser partilhados para alojamento e back up em servidores localizados em Portugal e apenas pela GORBTEK.<\/p>\n<ol style=\"margin-top: 0cm;\" start=\"6\" type=\"1\">\n<li class=\"MsoNormal\">Direitos dos titulares<\/li>\n<\/ol>\n<p class=\"MsoNormal\">Para aceder, corrigir, adicionar, atualizar, apagar ou alterar o consentimento das comunica\u00e7\u00f5es, o titular dever\u00e1 contactar a GORBTEK atrav\u00e9s do e-mail info@gorbtek.pt. Tais pedidos ser\u00e3o tratados com a maior brevidade poss\u00edvel.<\/p>\n<p class=\"MsoNormal\">Poder\u00e1 tamb\u00e9m utilizar esta forma de contacto para qualquer esclarecimento ou sugest\u00e3o acerca destes termos e condi\u00e7\u00f5es.<\/p>\n<ol style=\"margin-top: 0cm;\" start=\"7\" type=\"1\">\n<li class=\"MsoNormal\">Liga\u00e7\u00f5es a sites de parceiros<\/li>\n<\/ol>\n<p class=\"MsoNormal\">O site GORBTEK pode conter links para sites de terceiros \/ parceiros. Os sites referidos n\u00e3o est\u00e3o sob o controle da GORBTEK, n\u00e3o sendo assim respons\u00e1vel pelo conte\u00fado de qualquer desses sites. Recomenda-se aos utilizadores do site da GORBTEK que, quando acedam a outros sites, consultem as p\u00e1ginas que, dentro desses sites, se refiram \u00e0s suas pol\u00edticas de privacidade.<\/p>\n<ol style=\"margin-top: 0cm;\" start=\"8\" type=\"1\">\n<li class=\"MsoNormal\">Cookies<\/li>\n<\/ol>\n<p class=\"MsoNormal\">Ao navegar no site da GORBTEK s\u00e3o utilizados cookies que, no entanto, n\u00e3o recolhem informa\u00e7\u00e3o que identifique o utilizador. S\u00e3o recolhidas informa\u00e7\u00f5es gen\u00e9ricas, designadamente a forma como os utilizadores chegam e utilizam os sites. As informa\u00e7\u00f5es recolhidas s\u00e3o utilizadas com finalidade de controlo do n\u00famero de visitas e estudos estat\u00edsticos, bem como para assegurar que o site funciona corretamente e facilitar a navega\u00e7\u00e3o e melhorar a experi\u00eancia do utilizador.<\/p>\n<p class=\"MsoNormal\">A utiliza\u00e7\u00e3o de cookies permite que a navega\u00e7\u00e3o do s\u00edtio na internet seja constantemente otimizada de forma a proporcionar uma experi\u00eancia com elevada qualidade e que supere a qualidade obtida na visita anterior por parte do utilizador.<\/p>\n<ol style=\"margin-top: 0cm;\" start=\"9\" type=\"1\">\n<li class=\"MsoNormal\">Altera\u00e7\u00e3o dos Termos e Condi\u00e7\u00f5es de Privacidade<\/li>\n<\/ol>\n<p class=\"MsoNormal\">Os presentes Termos e Condi\u00e7\u00f5es de Privacidade poder\u00e3o ser objeto de altera\u00e7\u00e3o ou revis\u00e3o, sem aviso pr\u00e9vio, em fun\u00e7\u00e3o de exig\u00eancias legislativas ou regulamentares de acordo com a lei em vigor. Todas as altera\u00e7\u00f5es significativas a estes termos ser\u00e3o devidamente comunicadas aos utilizadores no site da GORBTEK.<\/p>\n<p class=\"MsoNormal\">Dado que estes Termos e Condi\u00e7\u00f5es podem ser revistos a qualquer momento, de acordo com o crit\u00e9rio acima descrito, a GORBTEK recomenda aos seus utilizadores que os revejam periodicamente.<\/p>\n<p class=\"MsoNormal\">Termos e Condi\u00e7\u00f5es de Privacidade \u2013 24-05-2018<\/p>\n<p class=\"MsoNormal\">\u00a0<\/p>\n<p class=\"MsoNormal\">Pol\u00edtica de Cookies<\/p>\n<ol style=\"margin-top: 0cm;\" start=\"1\" type=\"1\">\n<li class=\"MsoNormal\">Introdu\u00e7\u00e3o<\/li>\n<\/ol>\n<p class=\"MsoNormal\">Este s\u00edtio da internet utiliza Cookies apenas com a finalidade de melhorar e otimizar a experi\u00eancia dos seus utilizadores.<\/p>\n<ol style=\"margin-top: 0cm;\" start=\"2\" type=\"1\">\n<li class=\"MsoNormal\">O que s\u00e3o Cookies?<\/li>\n<\/ol>\n<p class=\"MsoNormal\">S\u00e3o ficheiros de tamanho bastante reduzido que cont\u00eam informa\u00e7\u00e3o relevante para a navega\u00e7\u00e3o neste s\u00edtio da internet. Estes ficheiros s\u00e3o carregados pelo dispositivo usado para aceder a este s\u00edtio da internet (smartphone, computador, tablet, etc) atrav\u00e9s do navegador de internet (web browser) durante a visita do utilizador ao s\u00edtio da internet.<\/p>\n<p class=\"MsoNormal\">Os Cookies permitem:<\/p>\n<ul style=\"margin-top: 0cm;\" type=\"disc\">\n<li class=\"MsoNormal\">Assegurar o correto funcionamento das p\u00e1ginas web.<\/li>\n<li class=\"MsoNormal\">Guardar prefer\u00eancias do utilizador (ex: idioma escolhido, tamanho de letra, etc).<\/li>\n<li class=\"MsoNormal\">Obter informa\u00e7\u00e3o acerca da experi\u00eancia de navega\u00e7\u00e3o proporcionada ao utilizador.<\/li>\n<li class=\"MsoNormal\">Obter informa\u00e7\u00e3o estat\u00edstica an\u00f3nima acerca das p\u00e1ginas visitadas pelos utilizadores, tempo despendido no s\u00edtio da internet.<\/li>\n<\/ul>\n<ol style=\"margin-top: 0cm;\" start=\"3\" type=\"1\">\n<li class=\"MsoNormal\">Objetivos do uso de Cookies<\/li>\n<\/ol>\n<p class=\"MsoNormal\">Os objetivos do uso de Cookies neste s\u00edtio da internet s\u00e3o:<\/p>\n<ul style=\"margin-top: 0cm;\" type=\"disc\">\n<li class=\"MsoNormal\">Assegurar que funciona corretamente<\/li>\n<li class=\"MsoNormal\">Facilitar a navega\u00e7\u00e3o e melhorar a experi\u00eancia do utilizador.<\/li>\n<\/ul>\n<p class=\"MsoNormal\">O uso de cookies permite que a navega\u00e7\u00e3o do s\u00edtio na internet seja constantemente otimizada de forma a proporcionar uma experi\u00eancia com elevada qualidade e que supere a qualidade obtida na visita anterior por parte do utilizador.<\/p>\n<ol style=\"margin-top: 0cm;\" start=\"4\" type=\"1\">\n<li class=\"MsoNormal\">Tipologia e funcionalidade<\/li>\n<\/ol>\n<p class=\"MsoNormal\">De acordo com a sua perman\u00eancia, os cookies podem dividir-se em dois tipos:<\/p>\n<p class=\"MsoNormal\">Cookies de sess\u00e3o:<\/p>\n<ul style=\"margin-top: 0cm;\" type=\"disc\">\n<li class=\"MsoNormal\">Expiram no momento em que a janela do navegador web \u00e9 fechada. S\u00e3o usados para fazer a liga\u00e7\u00e3o das a\u00e7\u00f5es do utilizador durante a sess\u00e3o.<\/li>\n<\/ul>\n<p class=\"MsoNormal\">Cookies persistentes:<\/p>\n<ul style=\"margin-top: 0cm;\" type=\"disc\">\n<li class=\"MsoNormal\">Expiram quando a sua tarefa ou fun\u00e7\u00e3o \u00e9 desempenhada na totalidade, a sua validade expira ou s\u00e3o removidos de forma manual pelo utilizador. Ser\u00e3o reativadas em cada visita ao s\u00edtio na internet.<\/li>\n<\/ul>\n<p class=\"MsoNormal\">De acordo com o seu objetivo, podem ainda ser classificados da seguinte forma:<\/p>\n<p class=\"MsoNormal\">Estritamente necess\u00e1rios ou essenciais:<\/p>\n<ul style=\"margin-top: 0cm;\" type=\"disc\">\n<li class=\"MsoNormal\">S\u00e3o cookies essenciais para o funcionamento do s\u00edtio da internet. S\u00e3o respons\u00e1veis por garantir o correto funcionamento e visualiza\u00e7\u00e3o do s\u00edtio da internet. S\u00e3o ativados em resposta \u00e0s a\u00e7\u00f5es dos utilizadores tais como o procedimento de in\u00edcio de sess\u00e3o ou preenchimento de formul\u00e1rios.<\/li>\n<\/ul>\n<p class=\"MsoNormal\">Desempenho:<\/p>\n<ul style=\"margin-top: 0cm;\" type=\"disc\">\n<li class=\"MsoNormal\">Dedicados a recolher dados estat\u00edsticos sobre o desempenho do s\u00edtio da internet. N\u00e3o s\u00e3o recolhidos dados de utilizadores, apenas par\u00e2metros de poss\u00edveis erros ou de desempenho de funcionalidades novas que possam estar a ser ou tenham sido implementadas no s\u00edtio da internet.<\/li>\n<\/ul>\n<p class=\"MsoNormal\">Funcionalidade:<\/p>\n<ul style=\"margin-top: 0cm;\" type=\"disc\">\n<li class=\"MsoNormal\">S\u00e3o usados principalmente para dar suporte a funcionalidades do s\u00edtio da internet, podendo memorizar algumas informa\u00e7\u00f5es do utilizador, tais como o idioma escolhido, personaliza\u00e7\u00e3o da \u00e1rea do cliente, etc.<\/li>\n<\/ul>\n<p class=\"MsoNormal\">Publicidade ou de alvo espec\u00edfico:<\/p>\n<ul style=\"margin-top: 0cm;\" type=\"disc\">\n<li class=\"MsoNormal\">S\u00e3o usados para registar as p\u00e1ginas que o utilizador visualizou e as liga\u00e7\u00f5es que este seguiu, de forma a fornecer ao utilizador os conte\u00fados publicit\u00e1rios mais relevantes ou interessantes para este. Esta informa\u00e7\u00e3o pode ser partilhada com terceiros e usada para avaliar a taxa de sucesso de campanhas publicit\u00e1rias.<\/li>\n<\/ul>\n<p class=\"MsoNormal\">Nota: Quaisquer s\u00edtios da internet de terceiros podem conter este tipo de cookies sobre os quais n\u00e3o detemos qualquer controlo.<\/p>\n<ol style=\"margin-top: 0cm;\" start=\"5\" type=\"1\">\n<li class=\"MsoNormal\">Bloquear o uso de Cookies<\/li>\n<\/ol>\n<p class=\"MsoNormal\">Caso o utilizador pretenda, este pode desativar a funcionalidade de cookies do navegador ou limitar o uso de cookies para um servi\u00e7o em particular.<\/p>\n<p class=\"MsoNormal\">Habitualmente, todas as altera\u00e7\u00f5es ao n\u00edvel do navegador web referentes \u00e0 forma como s\u00e3o utilizados e\/ou s\u00e3o aceites os cookies podem ser realizadas na sec\u00e7\u00e3o de \u201cOp\u00e7\u00f5es\u201d ou \u201cPrefer\u00eancias do navegador\u201d.<\/p>\n<p class=\"MsoNormal\">Seguem as instru\u00e7\u00f5es para bloquear o uso de cookies para os navegadores de internet mais comuns:<\/p>\n<p class=\"MsoNormal\">Google Chrome:<\/p>\n<ul style=\"margin-top: 0cm;\" type=\"disc\">\n<li class=\"MsoNormal\">http:\/\/support.google.com\/chrome\/bin\/answer.py?hl=pt&amp;answer=95647<\/li>\n<\/ul>\n<p class=\"MsoNormal\">Internet Explorer:<\/p>\n<ul style=\"margin-top: 0cm;\" type=\"disc\">\n<li class=\"MsoNormal\">http:\/\/windows.microsoft.com\/pt-pt\/windows7\/how-to-manage-cookies-in-internet-explorer-9<\/li>\n<\/ul>\n<p class=\"MsoNormal\">Mozilla Firefox:<\/p>\n<ul style=\"margin-top: 0cm;\" type=\"disc\">\n<li class=\"MsoNormal\">https:\/\/support.mozilla.org\/pt-PT\/kb\/ativar-e-desativar-cookies-que-os-websites-utiliza<\/li>\n<\/ul>\n<p class=\"MsoNormal\">Apple Safari:<\/p>\n<ul style=\"margin-top: 0cm;\" type=\"disc\">\n<li class=\"MsoNormal\">https:\/\/support.apple.com\/pt-pt\/HT201265<\/li>\n<\/ul>\n<p class=\"MsoNormal\">Os utilizadores podem optar por n\u00e3o partilhar os seus dados com os servi\u00e7os Google. Para tal devem aceder ao Ads Preferences Manager e ao Analytics Opt-out Browser Add-on.<\/p>\n<p class=\"MsoNormal\">Al\u00e9m dos meios acima descritos para os diferentes navegadores de internet, o utilizador poder\u00e1 ainda recorrer a ferramentas espec\u00edficas para o tratamento de cookies.<\/p>\n<ol style=\"margin-top: 0cm;\" start=\"6\" type=\"1\">\n<li class=\"MsoNormal\">Consequ\u00eancias do bloqueio de Cookies neste s\u00edtio da internet<\/li>\n<\/ol>\n<p class=\"MsoNormal\">Ao serem bloqueados parcialmente ou na totalidade os cookies utilizados neste s\u00edtio da internet, algumas funcionalidades e\/ou servi\u00e7os podem deixar de funcionar corretamente ou apresentar um comportamento diferente do esperado (ex: prefer\u00eancias do utilizador, ou da \u00e1rea do cliente n\u00e3o serem guardadas ou carregadas corretamente).<\/p>\n<p class=\"MsoNormal\">Se o utilizador bloquear o uso de Cookies neste s\u00edtio da internet \u00e9 bastante prov\u00e1vel que deixe de poder aceder a certas zonas do s\u00edtio da internet ou que a sua experi\u00eancia de navega\u00e7\u00e3o no s\u00edtio se degrade consideravelmente.<\/p>\n<ol style=\"margin-top: 0cm;\" start=\"7\" type=\"1\">\n<li class=\"MsoNormal\">Garantias adicionais e revoga\u00e7\u00e3o da aceita\u00e7\u00e3o<\/li>\n<\/ol>\n<p class=\"MsoNormal\">A GORBTEK Inform\u00e1tica, Ldan\u00e3o se responsabiliza pelo conte\u00fado e veracidade das pol\u00edticas de privacidade de quaisquer componentes de terceiros que se encontrem inclu\u00eddos neste sitio da internet.<\/p>\n<p class=\"MsoNormal\">O uso e registo de cookies neste s\u00edtio da internet poder\u00e1 estar sujeito \u00e0 aceita\u00e7\u00e3o de Cookies por parte do utilizador durante a sua visita a este s\u00edtio da internet, \u00e0 instala\u00e7\u00e3o ou atualiza\u00e7\u00e3o do navegador usado. Esta aceita\u00e7\u00e3o pode a qualquer momento ser revogada mediante as op\u00e7\u00f5es de configura\u00e7\u00e3o de conte\u00fados e privacidade j\u00e1 referidas no ponto 4 da presente pol\u00edtica.<\/p>\n<ol style=\"margin-top: 0cm;\" start=\"8\" type=\"1\">\n<li class=\"MsoNormal\">Altera\u00e7\u00e3o da Pol\u00edtica de Cookies<\/li>\n<\/ol>\n<p class=\"MsoNormal\">A GORBTEK Inform\u00e1tica, Ldareserva-se no direito de modificar esta Pol\u00edtica de cookies em fun\u00e7\u00e3o de exig\u00eancias legislativas ou regulamentares de acordo com a lei em vigor.<\/p>\n<p class=\"MsoNormal\">Todas as altera\u00e7\u00f5es significativas a esta pol\u00edtica ser\u00e3o devidamente comunicadas aos utilizadores do s\u00edtio da internet.<\/p>\n<p class=\"MsoNormal\">Dado que esta Pol\u00edtica de Cookies pode ser revista a qualquer momento, de acordo com o crit\u00e9rio acima descrito, a GORBTEK Inform\u00e1tica, Ldarecomenda aos seus utilizadores que revejam as Pol\u00edticas de Cookies periodicamente de forma a ficarem informados sobre a Pol\u00edtica de Cookies em vigor.<\/p>\n<p class=\"MsoNormal\">A Pol\u00edtica de Cookies modificada entrar\u00e1 em vigor a partir da data de revis\u00e3o, sendo que esta data se encontrar\u00e1 vis\u00edvel no in\u00edcio da p\u00e1gina.<\/p>\n<p><!-- \/wp:paragraph --><\/p>\t\t\t\t\t\t\t\t<\/div>\n\t\t\t\t<\/div>\n\t\t\t\t\t<\/div>\n\t\t\t\t<\/div>\n\t\t\t\t<\/div>\n\t\t","protected":false},"excerpt":{"rendered":"<p>A GORBTEK Inform\u00e1tica, Lda, adiante designado como GORBTEK, est\u00e1 ciente das implica\u00e7\u00f5es e da sua responsabilidade em cumprir com as altera\u00e7\u00f5es introduzidas em mat\u00e9ria de prote\u00e7\u00e3o de dados pessoais, nomeadamente com a produ\u00e7\u00e3o de efeitos a 25 de maio de 2018 do Regulamento Geral de Prote\u00e7\u00e3o de Dados, aprovado pelo Regulamento (EU) 2016\/679, de 26 [&hellip;]<\/p>\n","protected":false},"author":1,"featured_media":0,"parent":0,"menu_order":0,"comment_status":"closed","ping_status":"closed","template":"","meta":{"footnotes":""},"class_list":["post-3","page","type-page","status-publish","hentry"],"magazineBlocksPostFeaturedMedia":{"thumbnail":false,"medium":false,"medium_large":false,"large":false,"1536x1536":false,"2048x2048":false,"masteriyo_single":false,"masteriyo_thumbnail":false,"masteriyo_medium":false,"woocommerce_thumbnail":false,"woocommerce_single":false,"woocommerce_gallery_thumbnail":false},"magazineBlocksPostAuthor":{"name":"RAQ","avatar":"https:\/\/secure.gravatar.com\/avatar\/992025c2fb64f4372fe49477c3127f15546e3d3b32413a9e9720cc5edd4be960?s=96&d=mm&r=g"},"magazineBlocksPostCommentsNumber":false,"magazineBlocksPostExcerpt":"A GORBTEK Inform\u00e1tica, Lda, adiante designado como GORBTEK, est\u00e1 ciente das implica\u00e7\u00f5es e da sua responsabilidade em cumprir com as altera\u00e7\u00f5es introduzidas em mat\u00e9ria de prote\u00e7\u00e3o de dados pessoais, nomeadamente com a produ\u00e7\u00e3o de efeitos a 25 de maio de 2018 do Regulamento Geral de Prote\u00e7\u00e3o de Dados, aprovado pelo Regulamento (EU) 2016\/679, de 26 [&hellip;]","magazineBlocksPostCategories":[],"magazineBlocksPostViewCount":0,"magazineBlocksPostReadTime":9,"_links":{"self":[{"href":"https:\/\/gorbtek.pt\/index.php?rest_route=\/wp\/v2\/pages\/3","targetHints":{"allow":["GET"]}}],"collection":[{"href":"https:\/\/gorbtek.pt\/index.php?rest_route=\/wp\/v2\/pages"}],"about":[{"href":"https:\/\/gorbtek.pt\/index.php?rest_route=\/wp\/v2\/types\/page"}],"author":[{"embeddable":true,"href":"https:\/\/gorbtek.pt\/index.php?rest_route=\/wp\/v2\/users\/1"}],"replies":[{"embeddable":true,"href":"https:\/\/gorbtek.pt\/index.php?rest_route=%2Fwp%2Fv2%2Fcomments&post=3"}],"version-history":[{"count":11,"href":"https:\/\/gorbtek.pt\/index.php?rest_route=\/wp\/v2\/pages\/3\/revisions"}],"predecessor-version":[{"id":182,"href":"https:\/\/gorbtek.pt\/index.php?rest_route=\/wp\/v2\/pages\/3\/revisions\/182"}],"wp:attachment":[{"href":"https:\/\/gorbtek.pt\/index.php?rest_route=%2Fwp%2Fv2%2Fmedia&parent=3"}],"curies":[{"name":"wp","href":"https:\/\/api.w.org\/{rel}","templated":true}]}}